{"id":30725,"date":"2025-07-01T22:28:00","date_gmt":"2025-07-01T22:28:00","guid":{"rendered":"https:\/\/monitoreoproyectos.com\/?page_id=30725"},"modified":"2026-04-09T21:42:52","modified_gmt":"2026-04-09T21:42:52","slug":"nog-25384139-descripcion-mejoramiento-escuela-primaria-caserio-sesincheu-fray-bartolome-de-las-casas-alta-verapaz","status":"publish","type":"page","link":"https:\/\/monitoreoproyectos.com\/index.php\/nog-25384139-descripcion-mejoramiento-escuela-primaria-caserio-sesincheu-fray-bartolome-de-las-casas-alta-verapaz\/","title":{"rendered":"NOG: 25384139 Descripci\u00f3n: MEJORAMIENTO ESCUELA PRIMARIA CASER\u00cdO SESINCHEU FRAY BARTOLOM\u00c9 DE LAS CASAS, ALTA VERAPAZ"},"content":{"rendered":"<p><img loading=\"lazy\" decoding=\"async\" class=\"alignnone size-medium wp-image-39254\" src=\"https:\/\/monitoreoproyectos.com\/wp-content\/uploads\/2025\/08\/IMG-20250813-WA0047-226x300.jpg\" alt=\"\" width=\"226\" height=\"300\" srcset=\"https:\/\/monitoreoproyectos.com\/wp-content\/uploads\/2025\/08\/IMG-20250813-WA0047-226x300.jpg 226w, https:\/\/monitoreoproyectos.com\/wp-content\/uploads\/2025\/08\/IMG-20250813-WA0047-771x1024.jpg 771w, https:\/\/monitoreoproyectos.com\/wp-content\/uploads\/2025\/08\/IMG-20250813-WA0047-768x1021.jpg 768w, https:\/\/monitoreoproyectos.com\/wp-content\/uploads\/2025\/08\/IMG-20250813-WA0047-1156x1536.jpg 1156w, https:\/\/monitoreoproyectos.com\/wp-content\/uploads\/2025\/08\/IMG-20250813-WA0047.jpg 1204w\" sizes=\"auto, (max-width: 226px) 100vw, 226px\" \/> <img loading=\"lazy\" decoding=\"async\" class=\"alignnone size-medium wp-image-39255\" src=\"https:\/\/monitoreoproyectos.com\/wp-content\/uploads\/2025\/08\/IMG-20250813-WA0051-226x300.jpg\" alt=\"\" width=\"226\" height=\"300\" srcset=\"https:\/\/monitoreoproyectos.com\/wp-content\/uploads\/2025\/08\/IMG-20250813-WA0051-226x300.jpg 226w, https:\/\/monitoreoproyectos.com\/wp-content\/uploads\/2025\/08\/IMG-20250813-WA0051-771x1024.jpg 771w, https:\/\/monitoreoproyectos.com\/wp-content\/uploads\/2025\/08\/IMG-20250813-WA0051-768x1021.jpg 768w, https:\/\/monitoreoproyectos.com\/wp-content\/uploads\/2025\/08\/IMG-20250813-WA0051-1156x1536.jpg 1156w, https:\/\/monitoreoproyectos.com\/wp-content\/uploads\/2025\/08\/IMG-20250813-WA0051.jpg 1204w\" sizes=\"auto, (max-width: 226px) 100vw, 226px\" \/> <img loading=\"lazy\" decoding=\"async\" class=\"alignnone size-medium wp-image-39256\" src=\"https:\/\/monitoreoproyectos.com\/wp-content\/uploads\/2025\/08\/IMG-20250813-WA00541-300x226.jpg\" alt=\"\" width=\"300\" height=\"226\" srcset=\"https:\/\/monitoreoproyectos.com\/wp-content\/uploads\/2025\/08\/IMG-20250813-WA00541-300x226.jpg 300w, https:\/\/monitoreoproyectos.com\/wp-content\/uploads\/2025\/08\/IMG-20250813-WA00541-1024x771.jpg 1024w, https:\/\/monitoreoproyectos.com\/wp-content\/uploads\/2025\/08\/IMG-20250813-WA00541-768x578.jpg 768w, https:\/\/monitoreoproyectos.com\/wp-content\/uploads\/2025\/08\/IMG-20250813-WA00541-1536x1156.jpg 1536w, https:\/\/monitoreoproyectos.com\/wp-content\/uploads\/2025\/08\/IMG-20250813-WA00541.jpg 1600w\" sizes=\"auto, (max-width: 300px) 100vw, 300px\" \/> <img loading=\"lazy\" decoding=\"async\" class=\"alignnone size-medium wp-image-39257\" src=\"https:\/\/monitoreoproyectos.com\/wp-content\/uploads\/2025\/08\/IMG-20250813-WA0054-300x226.jpg\" alt=\"\" width=\"300\" height=\"226\" srcset=\"https:\/\/monitoreoproyectos.com\/wp-content\/uploads\/2025\/08\/IMG-20250813-WA0054-300x226.jpg 300w, https:\/\/monitoreoproyectos.com\/wp-content\/uploads\/2025\/08\/IMG-20250813-WA0054-1024x771.jpg 1024w, https:\/\/monitoreoproyectos.com\/wp-content\/uploads\/2025\/08\/IMG-20250813-WA0054-768x578.jpg 768w, https:\/\/monitoreoproyectos.com\/wp-content\/uploads\/2025\/08\/IMG-20250813-WA0054-1536x1156.jpg 1536w, https:\/\/monitoreoproyectos.com\/wp-content\/uploads\/2025\/08\/IMG-20250813-WA0054.jpg 1600w\" sizes=\"auto, (max-width: 300px) 100vw, 300px\" \/> <img loading=\"lazy\" decoding=\"async\" class=\"alignnone size-medium wp-image-39258\" src=\"https:\/\/monitoreoproyectos.com\/wp-content\/uploads\/2025\/08\/IMG-20250813-WA0053-226x300.jpg\" alt=\"\" width=\"226\" height=\"300\" srcset=\"https:\/\/monitoreoproyectos.com\/wp-content\/uploads\/2025\/08\/IMG-20250813-WA0053-226x300.jpg 226w, https:\/\/monitoreoproyectos.com\/wp-content\/uploads\/2025\/08\/IMG-20250813-WA0053-771x1024.jpg 771w, https:\/\/monitoreoproyectos.com\/wp-content\/uploads\/2025\/08\/IMG-20250813-WA0053-768x1021.jpg 768w, https:\/\/monitoreoproyectos.com\/wp-content\/uploads\/2025\/08\/IMG-20250813-WA0053-1156x1536.jpg 1156w, https:\/\/monitoreoproyectos.com\/wp-content\/uploads\/2025\/08\/IMG-20250813-WA0053.jpg 1204w\" sizes=\"auto, (max-width: 226px) 100vw, 226px\" \/> <img loading=\"lazy\" decoding=\"async\" class=\"alignnone size-medium wp-image-39259\" src=\"https:\/\/monitoreoproyectos.com\/wp-content\/uploads\/2025\/08\/IMG-20250813-WA0048-226x300.jpg\" alt=\"\" width=\"226\" height=\"300\" srcset=\"https:\/\/monitoreoproyectos.com\/wp-content\/uploads\/2025\/08\/IMG-20250813-WA0048-226x300.jpg 226w, https:\/\/monitoreoproyectos.com\/wp-content\/uploads\/2025\/08\/IMG-20250813-WA0048-771x1024.jpg 771w, https:\/\/monitoreoproyectos.com\/wp-content\/uploads\/2025\/08\/IMG-20250813-WA0048-768x1021.jpg 768w, https:\/\/monitoreoproyectos.com\/wp-content\/uploads\/2025\/08\/IMG-20250813-WA0048-1156x1536.jpg 1156w, https:\/\/monitoreoproyectos.com\/wp-content\/uploads\/2025\/08\/IMG-20250813-WA0048.jpg 1204w\" sizes=\"auto, (max-width: 226px) 100vw, 226px\" \/> <img loading=\"lazy\" decoding=\"async\" class=\"alignnone size-medium wp-image-39260\" src=\"https:\/\/monitoreoproyectos.com\/wp-content\/uploads\/2025\/08\/IMG-20250813-WA0049-226x300.jpg\" alt=\"\" width=\"226\" height=\"300\" srcset=\"https:\/\/monitoreoproyectos.com\/wp-content\/uploads\/2025\/08\/IMG-20250813-WA0049-226x300.jpg 226w, https:\/\/monitoreoproyectos.com\/wp-content\/uploads\/2025\/08\/IMG-20250813-WA0049-771x1024.jpg 771w, https:\/\/monitoreoproyectos.com\/wp-content\/uploads\/2025\/08\/IMG-20250813-WA0049-768x1021.jpg 768w, https:\/\/monitoreoproyectos.com\/wp-content\/uploads\/2025\/08\/IMG-20250813-WA0049-1156x1536.jpg 1156w, https:\/\/monitoreoproyectos.com\/wp-content\/uploads\/2025\/08\/IMG-20250813-WA0049.jpg 1204w\" sizes=\"auto, (max-width: 226px) 100vw, 226px\" \/> <img loading=\"lazy\" decoding=\"async\" class=\"alignnone size-medium wp-image-39261\" src=\"https:\/\/monitoreoproyectos.com\/wp-content\/uploads\/2025\/08\/IMG-20250813-WA0055-226x300.jpg\" alt=\"\" width=\"226\" height=\"300\" srcset=\"https:\/\/monitoreoproyectos.com\/wp-content\/uploads\/2025\/08\/IMG-20250813-WA0055-226x300.jpg 226w, https:\/\/monitoreoproyectos.com\/wp-content\/uploads\/2025\/08\/IMG-20250813-WA0055-771x1024.jpg 771w, https:\/\/monitoreoproyectos.com\/wp-content\/uploads\/2025\/08\/IMG-20250813-WA0055-768x1021.jpg 768w, https:\/\/monitoreoproyectos.com\/wp-content\/uploads\/2025\/08\/IMG-20250813-WA0055-1156x1536.jpg 1156w, https:\/\/monitoreoproyectos.com\/wp-content\/uploads\/2025\/08\/IMG-20250813-WA0055.jpg 1204w\" sizes=\"auto, (max-width: 226px) 100vw, 226px\" \/> <img loading=\"lazy\" decoding=\"async\" class=\"alignnone size-medium wp-image-39262\" src=\"https:\/\/monitoreoproyectos.com\/wp-content\/uploads\/2025\/08\/IMG-20250813-WA0057-226x300.jpg\" alt=\"\" width=\"226\" height=\"300\" srcset=\"https:\/\/monitoreoproyectos.com\/wp-content\/uploads\/2025\/08\/IMG-20250813-WA0057-226x300.jpg 226w, https:\/\/monitoreoproyectos.com\/wp-content\/uploads\/2025\/08\/IMG-20250813-WA0057-771x1024.jpg 771w, https:\/\/monitoreoproyectos.com\/wp-content\/uploads\/2025\/08\/IMG-20250813-WA0057-768x1021.jpg 768w, https:\/\/monitoreoproyectos.com\/wp-content\/uploads\/2025\/08\/IMG-20250813-WA0057-1156x1536.jpg 1156w, https:\/\/monitoreoproyectos.com\/wp-content\/uploads\/2025\/08\/IMG-20250813-WA0057.jpg 1204w\" sizes=\"auto, (max-width: 226px) 100vw, 226px\" \/> <img loading=\"lazy\" decoding=\"async\" class=\"alignnone size-medium wp-image-39263\" src=\"https:\/\/monitoreoproyectos.com\/wp-content\/uploads\/2025\/08\/IMG-20250813-WA0056-226x300.jpg\" alt=\"\" width=\"226\" height=\"300\" srcset=\"https:\/\/monitoreoproyectos.com\/wp-content\/uploads\/2025\/08\/IMG-20250813-WA0056-226x300.jpg 226w, https:\/\/monitoreoproyectos.com\/wp-content\/uploads\/2025\/08\/IMG-20250813-WA0056-771x1024.jpg 771w, https:\/\/monitoreoproyectos.com\/wp-content\/uploads\/2025\/08\/IMG-20250813-WA0056-768x1021.jpg 768w, https:\/\/monitoreoproyectos.com\/wp-content\/uploads\/2025\/08\/IMG-20250813-WA0056-1156x1536.jpg 1156w, https:\/\/monitoreoproyectos.com\/wp-content\/uploads\/2025\/08\/IMG-20250813-WA0056.jpg 1204w\" sizes=\"auto, (max-width: 226px) 100vw, 226px\" \/> <img loading=\"lazy\" decoding=\"async\" class=\"alignnone size-medium wp-image-39264\" src=\"https:\/\/monitoreoproyectos.com\/wp-content\/uploads\/2025\/08\/IMG-20250813-WA0050-226x300.jpg\" alt=\"\" width=\"226\" height=\"300\" srcset=\"https:\/\/monitoreoproyectos.com\/wp-content\/uploads\/2025\/08\/IMG-20250813-WA0050-226x300.jpg 226w, https:\/\/monitoreoproyectos.com\/wp-content\/uploads\/2025\/08\/IMG-20250813-WA0050-771x1024.jpg 771w, https:\/\/monitoreoproyectos.com\/wp-content\/uploads\/2025\/08\/IMG-20250813-WA0050-768x1021.jpg 768w, https:\/\/monitoreoproyectos.com\/wp-content\/uploads\/2025\/08\/IMG-20250813-WA0050-1156x1536.jpg 1156w, https:\/\/monitoreoproyectos.com\/wp-content\/uploads\/2025\/08\/IMG-20250813-WA0050.jpg 1204w\" sizes=\"auto, (max-width: 226px) 100vw, 226px\" \/> <img loading=\"lazy\" decoding=\"async\" class=\"alignnone size-medium wp-image-39265\" src=\"https:\/\/monitoreoproyectos.com\/wp-content\/uploads\/2025\/08\/IMG-20250813-WA0052-226x300.jpg\" alt=\"\" width=\"226\" height=\"300\" srcset=\"https:\/\/monitoreoproyectos.com\/wp-content\/uploads\/2025\/08\/IMG-20250813-WA0052-226x300.jpg 226w, https:\/\/monitoreoproyectos.com\/wp-content\/uploads\/2025\/08\/IMG-20250813-WA0052-771x1024.jpg 771w, https:\/\/monitoreoproyectos.com\/wp-content\/uploads\/2025\/08\/IMG-20250813-WA0052-768x1021.jpg 768w, https:\/\/monitoreoproyectos.com\/wp-content\/uploads\/2025\/08\/IMG-20250813-WA0052-1156x1536.jpg 1156w, https:\/\/monitoreoproyectos.com\/wp-content\/uploads\/2025\/08\/IMG-20250813-WA0052.jpg 1204w\" sizes=\"auto, (max-width: 226px) 100vw, 226px\" \/> <img loading=\"lazy\" decoding=\"async\" class=\"alignnone size-medium wp-image-39266\" src=\"https:\/\/monitoreoproyectos.com\/wp-content\/uploads\/2025\/08\/IMG-20250813-WA0041-300x225.jpg\" alt=\"\" width=\"300\" height=\"225\" srcset=\"https:\/\/monitoreoproyectos.com\/wp-content\/uploads\/2025\/08\/IMG-20250813-WA0041-300x225.jpg 300w, https:\/\/monitoreoproyectos.com\/wp-content\/uploads\/2025\/08\/IMG-20250813-WA0041-1024x768.jpg 1024w, https:\/\/monitoreoproyectos.com\/wp-content\/uploads\/2025\/08\/IMG-20250813-WA0041-768x576.jpg 768w, https:\/\/monitoreoproyectos.com\/wp-content\/uploads\/2025\/08\/IMG-20250813-WA0041-1536x1152.jpg 1536w, https:\/\/monitoreoproyectos.com\/wp-content\/uploads\/2025\/08\/IMG-20250813-WA0041.jpg 1600w\" sizes=\"auto, (max-width: 300px) 100vw, 300px\" \/> <img loading=\"lazy\" decoding=\"async\" class=\"alignnone size-medium wp-image-39267\" src=\"https:\/\/monitoreoproyectos.com\/wp-content\/uploads\/2025\/08\/IMG-20250813-WA0045-300x225.jpg\" alt=\"\" width=\"300\" height=\"225\" srcset=\"https:\/\/monitoreoproyectos.com\/wp-content\/uploads\/2025\/08\/IMG-20250813-WA0045-300x225.jpg 300w, https:\/\/monitoreoproyectos.com\/wp-content\/uploads\/2025\/08\/IMG-20250813-WA0045-1024x768.jpg 1024w, https:\/\/monitoreoproyectos.com\/wp-content\/uploads\/2025\/08\/IMG-20250813-WA0045-768x576.jpg 768w, https:\/\/monitoreoproyectos.com\/wp-content\/uploads\/2025\/08\/IMG-20250813-WA0045-1536x1152.jpg 1536w, https:\/\/monitoreoproyectos.com\/wp-content\/uploads\/2025\/08\/IMG-20250813-WA0045.jpg 1600w\" sizes=\"auto, (max-width: 300px) 100vw, 300px\" \/> <img loading=\"lazy\" decoding=\"async\" class=\"alignnone size-medium wp-image-39268\" src=\"https:\/\/monitoreoproyectos.com\/wp-content\/uploads\/2025\/08\/IMG-20250813-WA0042-300x225.jpg\" alt=\"\" width=\"300\" height=\"225\" srcset=\"https:\/\/monitoreoproyectos.com\/wp-content\/uploads\/2025\/08\/IMG-20250813-WA0042-300x225.jpg 300w, https:\/\/monitoreoproyectos.com\/wp-content\/uploads\/2025\/08\/IMG-20250813-WA0042-1024x768.jpg 1024w, https:\/\/monitoreoproyectos.com\/wp-content\/uploads\/2025\/08\/IMG-20250813-WA0042-768x576.jpg 768w, https:\/\/monitoreoproyectos.com\/wp-content\/uploads\/2025\/08\/IMG-20250813-WA0042-1536x1152.jpg 1536w, https:\/\/monitoreoproyectos.com\/wp-content\/uploads\/2025\/08\/IMG-20250813-WA0042.jpg 1600w\" sizes=\"auto, (max-width: 300px) 100vw, 300px\" \/> <img loading=\"lazy\" decoding=\"async\" class=\"alignnone size-medium wp-image-39269\" src=\"https:\/\/monitoreoproyectos.com\/wp-content\/uploads\/2025\/08\/IMG-20250813-WA0046-300x225.jpg\" alt=\"\" width=\"300\" height=\"225\" srcset=\"https:\/\/monitoreoproyectos.com\/wp-content\/uploads\/2025\/08\/IMG-20250813-WA0046-300x225.jpg 300w, https:\/\/monitoreoproyectos.com\/wp-content\/uploads\/2025\/08\/IMG-20250813-WA0046-1024x768.jpg 1024w, https:\/\/monitoreoproyectos.com\/wp-content\/uploads\/2025\/08\/IMG-20250813-WA0046-768x576.jpg 768w, https:\/\/monitoreoproyectos.com\/wp-content\/uploads\/2025\/08\/IMG-20250813-WA0046-1536x1152.jpg 1536w, https:\/\/monitoreoproyectos.com\/wp-content\/uploads\/2025\/08\/IMG-20250813-WA0046.jpg 1600w\" sizes=\"auto, (max-width: 300px) 100vw, 300px\" \/> <img loading=\"lazy\" decoding=\"async\" class=\"alignnone size-medium wp-image-39270\" src=\"https:\/\/monitoreoproyectos.com\/wp-content\/uploads\/2025\/08\/IMG-20250813-WA0044-300x225.jpg\" alt=\"\" width=\"300\" height=\"225\" srcset=\"https:\/\/monitoreoproyectos.com\/wp-content\/uploads\/2025\/08\/IMG-20250813-WA0044-300x225.jpg 300w, https:\/\/monitoreoproyectos.com\/wp-content\/uploads\/2025\/08\/IMG-20250813-WA0044-1024x768.jpg 1024w, https:\/\/monitoreoproyectos.com\/wp-content\/uploads\/2025\/08\/IMG-20250813-WA0044-768x576.jpg 768w, https:\/\/monitoreoproyectos.com\/wp-content\/uploads\/2025\/08\/IMG-20250813-WA0044-1536x1152.jpg 1536w, https:\/\/monitoreoproyectos.com\/wp-content\/uploads\/2025\/08\/IMG-20250813-WA0044.jpg 1600w\" sizes=\"auto, (max-width: 300px) 100vw, 300px\" \/> <img loading=\"lazy\" decoding=\"async\" class=\"alignnone size-medium wp-image-39271\" src=\"https:\/\/monitoreoproyectos.com\/wp-content\/uploads\/2025\/08\/IMG-20250813-WA0043-300x225.jpg\" alt=\"\" width=\"300\" height=\"225\" srcset=\"https:\/\/monitoreoproyectos.com\/wp-content\/uploads\/2025\/08\/IMG-20250813-WA0043-300x225.jpg 300w, https:\/\/monitoreoproyectos.com\/wp-content\/uploads\/2025\/08\/IMG-20250813-WA0043-1024x768.jpg 1024w, https:\/\/monitoreoproyectos.com\/wp-content\/uploads\/2025\/08\/IMG-20250813-WA0043-768x576.jpg 768w, https:\/\/monitoreoproyectos.com\/wp-content\/uploads\/2025\/08\/IMG-20250813-WA0043-1536x1152.jpg 1536w, https:\/\/monitoreoproyectos.com\/wp-content\/uploads\/2025\/08\/IMG-20250813-WA0043.jpg 1600w\" sizes=\"auto, (max-width: 300px) 100vw, 300px\" \/> <img loading=\"lazy\" decoding=\"async\" class=\"alignnone size-medium wp-image-39272\" src=\"https:\/\/monitoreoproyectos.com\/wp-content\/uploads\/2025\/08\/IMG-20250813-WA0040-300x225.jpg\" alt=\"\" width=\"300\" height=\"225\" srcset=\"https:\/\/monitoreoproyectos.com\/wp-content\/uploads\/2025\/08\/IMG-20250813-WA0040-300x225.jpg 300w, https:\/\/monitoreoproyectos.com\/wp-content\/uploads\/2025\/08\/IMG-20250813-WA0040-1024x768.jpg 1024w, https:\/\/monitoreoproyectos.com\/wp-content\/uploads\/2025\/08\/IMG-20250813-WA0040-768x576.jpg 768w, https:\/\/monitoreoproyectos.com\/wp-content\/uploads\/2025\/08\/IMG-20250813-WA0040-1536x1152.jpg 1536w, https:\/\/monitoreoproyectos.com\/wp-content\/uploads\/2025\/08\/IMG-20250813-WA0040.jpg 1600w\" sizes=\"auto, (max-width: 300px) 100vw, 300px\" \/> <img loading=\"lazy\" decoding=\"async\" class=\"alignnone size-medium wp-image-39273\" src=\"https:\/\/monitoreoproyectos.com\/wp-content\/uploads\/2025\/08\/IMG-20250813-WA0039-226x300.jpg\" alt=\"\" width=\"226\" height=\"300\" srcset=\"https:\/\/monitoreoproyectos.com\/wp-content\/uploads\/2025\/08\/IMG-20250813-WA0039-226x300.jpg 226w, https:\/\/monitoreoproyectos.com\/wp-content\/uploads\/2025\/08\/IMG-20250813-WA0039-771x1024.jpg 771w, https:\/\/monitoreoproyectos.com\/wp-content\/uploads\/2025\/08\/IMG-20250813-WA0039-768x1021.jpg 768w, https:\/\/monitoreoproyectos.com\/wp-content\/uploads\/2025\/08\/IMG-20250813-WA0039-1156x1536.jpg 1156w, https:\/\/monitoreoproyectos.com\/wp-content\/uploads\/2025\/08\/IMG-20250813-WA0039.jpg 1204w\" sizes=\"auto, (max-width: 226px) 100vw, 226px\" \/> <img loading=\"lazy\" decoding=\"async\" class=\"alignnone size-medium wp-image-39274\" src=\"https:\/\/monitoreoproyectos.com\/wp-content\/uploads\/2025\/08\/IMG-20250813-WA0038-226x300.jpg\" alt=\"\" width=\"226\" height=\"300\" srcset=\"https:\/\/monitoreoproyectos.com\/wp-content\/uploads\/2025\/08\/IMG-20250813-WA0038-226x300.jpg 226w, https:\/\/monitoreoproyectos.com\/wp-content\/uploads\/2025\/08\/IMG-20250813-WA0038-771x1024.jpg 771w, https:\/\/monitoreoproyectos.com\/wp-content\/uploads\/2025\/08\/IMG-20250813-WA0038-768x1021.jpg 768w, https:\/\/monitoreoproyectos.com\/wp-content\/uploads\/2025\/08\/IMG-20250813-WA0038-1156x1536.jpg 1156w, https:\/\/monitoreoproyectos.com\/wp-content\/uploads\/2025\/08\/IMG-20250813-WA0038.jpg 1204w\" sizes=\"auto, (max-width: 226px) 100vw, 226px\" \/><\/p>\n","protected":false},"excerpt":{"rendered":"","protected":false},"author":2,"featured_media":0,"parent":0,"menu_order":0,"comment_status":"closed","ping_status":"closed","template":"","meta":{"footnotes":""},"class_list":["post-30725","page","type-page","status-publish","hentry"],"_links":{"self":[{"href":"https:\/\/monitoreoproyectos.com\/index.php\/wp-json\/wp\/v2\/pages\/30725","targetHints":{"allow":["GET"]}}],"collection":[{"href":"https:\/\/monitoreoproyectos.com\/index.php\/wp-json\/wp\/v2\/pages"}],"about":[{"href":"https:\/\/monitoreoproyectos.com\/index.php\/wp-json\/wp\/v2\/types\/page"}],"author":[{"embeddable":true,"href":"https:\/\/monitoreoproyectos.com\/index.php\/wp-json\/wp\/v2\/users\/2"}],"replies":[{"embeddable":true,"href":"https:\/\/monitoreoproyectos.com\/index.php\/wp-json\/wp\/v2\/comments?post=30725"}],"version-history":[{"count":8,"href":"https:\/\/monitoreoproyectos.com\/index.php\/wp-json\/wp\/v2\/pages\/30725\/revisions"}],"predecessor-version":[{"id":56234,"href":"https:\/\/monitoreoproyectos.com\/index.php\/wp-json\/wp\/v2\/pages\/30725\/revisions\/56234"}],"wp:attachment":[{"href":"https:\/\/monitoreoproyectos.com\/index.php\/wp-json\/wp\/v2\/media?parent=30725"}],"curies":[{"name":"wp","href":"https:\/\/api.w.org\/{rel}","templated":true}]}}